{"id":559,"date":"2015-09-29T11:16:59","date_gmt":"2015-09-29T15:16:59","guid":{"rendered":"http:\/\/www.courtiersunis.com\/en\/liens-utiles\/"},"modified":"2015-09-30T10:16:35","modified_gmt":"2015-09-30T14:16:35","slug":"useful-links","status":"publish","type":"page","link":"https:\/\/www.courtiersunis.com\/en\/useful-links\/","title":{"rendered":"Useful links"},"content":{"rendered":"<h2>A<\/h2>\n<ul>\n<li><a href=\"http:\/\/www.lautorite.qc.ca\" target=\"_blank\">L&#8217;Autorit\u00e9 du Qu\u00e9bec<\/a><\/li>\n<li><a href=\"http:\/\/www.avivacanada.com\" target=\"_blank\">Aviva Canada<\/a><\/li>\n<li><a href=\"http:\/\/www.axa.ca\" target=\"_blank\">Axa<\/a><\/li>\n<\/ul>\n<h2>B<\/h2>\n<ul>\n<li><a href=\"http:\/\/www.bac-quebec.qc.ca\/index.asp\" target=\"_blank\">BAC Qu\u00e9bec<\/a><\/li>\n<\/ul>\n<h2>C<\/h2>\n<ul>\n<li><a href=\"http:\/\/www.chad.qc.ca\" target=\"_blank\">Chad Qu\u00e9bec<\/a><\/li>\n<li><a href=\"http:\/\/www.chambresf.com\" target=\"_blank\">La chambre SF<\/a><\/li>\n<li><a href=\"http:\/\/www.citadel.ca\" target=\"_blank\">Citadel<\/a><\/li>\n<\/ul>\n<h2>E<\/h2>\n<ul>\n<li><a href=\"http:\/\/www.etatcivil.gouv.qc.ca\" target=\"_blank\">\u00c9tat civil du Qu\u00e9bec<\/a><\/li>\n<li><a href=\"http:\/\/www.economicalinsurance.com\" target=\"_blank\">Economical insurance<\/a><\/li>\n<\/ul>\n<h2>G<\/h2>\n<ul>\n<li><a href=\"http:\/\/www.ger.qc.ca\" target=\"_blank\">GER Qu\u00e9bec<\/a><\/li>\n<li><a href=\"http:\/\/www.groupe-optimum.com\" target=\"_blank\">Le groupe Optimum<\/a><\/li>\n<\/ul>\n<h2>K<\/h2>\n<ul>\n<li><a href=\"http:\/\/www.kingsway-financial.com\" target=\"_blank\">Kingsway Financial<\/a><\/li>\n<\/ul>\n<h2>R<\/h2>\n<ul>\n<li><a href=\"http:\/\/www.req.gouv.qc.ca\" target=\"_blank\">Registre des entreprises<\/a><\/li>\n<li><a href=\"http:\/\/www.royalsunalliance.com\/royalsun\" target=\"_blank\">Royal Sun Alliance<\/a><\/li>\n<\/ul>\n<h2>S<\/h2>\n<ul>\n<li><a href=\"http:\/\/www.soquij.qc.ca\" target=\"_blank\">Soci\u00e9t\u00e9 qu\u00e9b\u00e9coise d&#8217;information juridique<\/a><\/li>\n<\/ul>\n<h2>U<\/h2>\n<ul>\n<li><a href=\"http:\/\/www.lunique.qc.ca\" target=\"_blank\">L&#8217;Unique<\/a><\/li>\n<li><a href=\"http:\/\/www.unioncanadienne.com\" target=\"_blank\">Union Canadienne<\/a><\/li>\n<\/ul>\n","protected":false},"excerpt":{"rendered":"<p>A L&#8217;Autorit\u00e9 du Qu\u00e9bec Aviva Canada Axa B BAC Qu\u00e9bec C Chad Qu\u00e9bec La chambre SF Citadel E \u00c9tat civil du Qu\u00e9bec Economical insurance G GER Qu\u00e9bec Le groupe Optimum K Kingsway Financial R Registre des entreprises Royal Sun Alliance S Soci\u00e9t\u00e9 qu\u00e9b\u00e9coise d&#8217;information juridique U L&#8217;Unique Union Canadienne<\/p>\n","protected":false},"author":1,"featured_media":0,"parent":0,"menu_order":0,"comment_status":"closed","ping_status":"closed","template":"","meta":{"_acf_changed":false,"footnotes":""},"class_list":["post-559","page","type-page","status-publish","hentry"],"acf":[],"yoast_head":"<!-- This site is optimized with the Yoast SEO plugin v25.3 - https:\/\/yoast.com\/wordpress\/plugins\/seo\/ -->\n<title>Useful links - Courtiers Unis<\/title>\n<meta name=\"robots\" content=\"index, follow, max-snippet:-1, max-image-preview:large, max-video-preview:-1\" \/>\n<link rel=\"canonical\" href=\"https:\/\/www.courtiersunis.com\/en\/useful-links\/\" \/>\n<meta property=\"og:locale\" content=\"en_US\" \/>\n<meta property=\"og:type\" content=\"article\" \/>\n<meta property=\"og:title\" content=\"Useful links - Courtiers Unis\" \/>\n<meta property=\"og:description\" content=\"A L&#8217;Autorit\u00e9 du Qu\u00e9bec Aviva Canada Axa B BAC Qu\u00e9bec C Chad Qu\u00e9bec La chambre SF Citadel E \u00c9tat civil du Qu\u00e9bec Economical insurance G GER Qu\u00e9bec Le groupe Optimum K Kingsway Financial R Registre des entreprises Royal Sun Alliance S Soci\u00e9t\u00e9 qu\u00e9b\u00e9coise d&#8217;information juridique U L&#8217;Unique Union Canadienne\" \/>\n<meta property=\"og:url\" content=\"https:\/\/www.courtiersunis.com\/en\/useful-links\/\" \/>\n<meta property=\"og:site_name\" content=\"Courtiers Unis\" \/>\n<meta property=\"article:modified_time\" content=\"2015-09-30T14:16:35+00:00\" \/>\n<meta name=\"twitter:card\" content=\"summary_large_image\" \/>\n<script type=\"application\/ld+json\" class=\"yoast-schema-graph\">{\"@context\":\"https:\/\/schema.org\",\"@graph\":[{\"@type\":\"WebPage\",\"@id\":\"https:\/\/www.courtiersunis.com\/en\/useful-links\/\",\"url\":\"https:\/\/www.courtiersunis.com\/en\/useful-links\/\",\"name\":\"Useful links - Courtiers Unis\",\"isPartOf\":{\"@id\":\"https:\/\/www.courtiersunis.com\/#website\"},\"datePublished\":\"2015-09-29T15:16:59+00:00\",\"dateModified\":\"2015-09-30T14:16:35+00:00\",\"breadcrumb\":{\"@id\":\"https:\/\/www.courtiersunis.com\/en\/useful-links\/#breadcrumb\"},\"inLanguage\":\"en-US\",\"potentialAction\":[{\"@type\":\"ReadAction\",\"target\":[\"https:\/\/www.courtiersunis.com\/en\/useful-links\/\"]}]},{\"@type\":\"BreadcrumbList\",\"@id\":\"https:\/\/www.courtiersunis.com\/en\/useful-links\/#breadcrumb\",\"itemListElement\":[{\"@type\":\"ListItem\",\"position\":1,\"name\":\"Accueil\",\"item\":\"https:\/\/www.courtiersunis.com\/en\/home\/\"},{\"@type\":\"ListItem\",\"position\":2,\"name\":\"Useful links\"}]},{\"@type\":\"WebSite\",\"@id\":\"https:\/\/www.courtiersunis.com\/#website\",\"url\":\"https:\/\/www.courtiersunis.com\/\",\"name\":\"Courtiers Unis\",\"description\":\"Votre meilleure assurance, c&#039;est un courtier d&#039;assurances.\",\"potentialAction\":[{\"@type\":\"SearchAction\",\"target\":{\"@type\":\"EntryPoint\",\"urlTemplate\":\"https:\/\/www.courtiersunis.com\/?s={search_term_string}\"},\"query-input\":{\"@type\":\"PropertyValueSpecification\",\"valueRequired\":true,\"valueName\":\"search_term_string\"}}],\"inLanguage\":\"en-US\"}]}<\/script>\n<!-- \/ Yoast SEO plugin. -->","yoast_head_json":{"title":"Useful links - Courtiers Unis","robots":{"index":"index","follow":"follow","max-snippet":"max-snippet:-1","max-image-preview":"max-image-preview:large","max-video-preview":"max-video-preview:-1"},"canonical":"https:\/\/www.courtiersunis.com\/en\/useful-links\/","og_locale":"en_US","og_type":"article","og_title":"Useful links - Courtiers Unis","og_description":"A L&#8217;Autorit\u00e9 du Qu\u00e9bec Aviva Canada Axa B BAC Qu\u00e9bec C Chad Qu\u00e9bec La chambre SF Citadel E \u00c9tat civil du Qu\u00e9bec Economical insurance G GER Qu\u00e9bec Le groupe Optimum K Kingsway Financial R Registre des entreprises Royal Sun Alliance S Soci\u00e9t\u00e9 qu\u00e9b\u00e9coise d&#8217;information juridique U L&#8217;Unique Union Canadienne","og_url":"https:\/\/www.courtiersunis.com\/en\/useful-links\/","og_site_name":"Courtiers Unis","article_modified_time":"2015-09-30T14:16:35+00:00","twitter_card":"summary_large_image","schema":{"@context":"https:\/\/schema.org","@graph":[{"@type":"WebPage","@id":"https:\/\/www.courtiersunis.com\/en\/useful-links\/","url":"https:\/\/www.courtiersunis.com\/en\/useful-links\/","name":"Useful links - Courtiers Unis","isPartOf":{"@id":"https:\/\/www.courtiersunis.com\/#website"},"datePublished":"2015-09-29T15:16:59+00:00","dateModified":"2015-09-30T14:16:35+00:00","breadcrumb":{"@id":"https:\/\/www.courtiersunis.com\/en\/useful-links\/#breadcrumb"},"inLanguage":"en-US","potentialAction":[{"@type":"ReadAction","target":["https:\/\/www.courtiersunis.com\/en\/useful-links\/"]}]},{"@type":"BreadcrumbList","@id":"https:\/\/www.courtiersunis.com\/en\/useful-links\/#breadcrumb","itemListElement":[{"@type":"ListItem","position":1,"name":"Accueil","item":"https:\/\/www.courtiersunis.com\/en\/home\/"},{"@type":"ListItem","position":2,"name":"Useful links"}]},{"@type":"WebSite","@id":"https:\/\/www.courtiersunis.com\/#website","url":"https:\/\/www.courtiersunis.com\/","name":"Courtiers Unis","description":"Votre meilleure assurance, c&#039;est un courtier d&#039;assurances.","potentialAction":[{"@type":"SearchAction","target":{"@type":"EntryPoint","urlTemplate":"https:\/\/www.courtiersunis.com\/?s={search_term_string}"},"query-input":{"@type":"PropertyValueSpecification","valueRequired":true,"valueName":"search_term_string"}}],"inLanguage":"en-US"}]}},"_links":{"self":[{"href":"https:\/\/www.courtiersunis.com\/en\/wp-json\/wp\/v2\/pages\/559","targetHints":{"allow":["GET"]}}],"collection":[{"href":"https:\/\/www.courtiersunis.com\/en\/wp-json\/wp\/v2\/pages"}],"about":[{"href":"https:\/\/www.courtiersunis.com\/en\/wp-json\/wp\/v2\/types\/page"}],"author":[{"embeddable":true,"href":"https:\/\/www.courtiersunis.com\/en\/wp-json\/wp\/v2\/users\/1"}],"replies":[{"embeddable":true,"href":"https:\/\/www.courtiersunis.com\/en\/wp-json\/wp\/v2\/comments?post=559"}],"version-history":[{"count":1,"href":"https:\/\/www.courtiersunis.com\/en\/wp-json\/wp\/v2\/pages\/559\/revisions"}],"predecessor-version":[{"id":560,"href":"https:\/\/www.courtiersunis.com\/en\/wp-json\/wp\/v2\/pages\/559\/revisions\/560"}],"wp:attachment":[{"href":"https:\/\/www.courtiersunis.com\/en\/wp-json\/wp\/v2\/media?parent=559"}],"curies":[{"name":"wp","href":"https:\/\/api.w.org\/{rel}","templated":true}]}}